{"id":1746,"date":"2023-02-16T06:03:40","date_gmt":"2023-02-16T06:03:40","guid":{"rendered":"http:\/\/evercorporatefinance.com\/career\/"},"modified":"2023-06-22T12:13:14","modified_gmt":"2023-06-22T12:13:14","slug":"career","status":"publish","type":"page","link":"http:\/\/evercorporatefinance.com\/en\/career\/","title":{"rendered":"Career"},"content":{"rendered":"\t\t<div data-elementor-type=\"wp-page\" data-elementor-id=\"1746\" class=\"elementor elementor-1746 elementor-834\">\n\t\t\t\t\t\t\t\t\t<section class=\"elementor-section elementor-top-section elementor-element elementor-element-0b65ddd elementor-section-boxed elementor-section-height-default elementor-section-height-default\" data-id=\"0b65ddd\" data-element_type=\"section\" data-settings=\"{&quot;background_background&quot;:&quot;classic&quot;}\">\n\t\t\t\t\t\t\t<div class=\"elementor-background-overlay\"><\/div>\n\t\t\t\t\t\t\t<div class=\"elementor-container elementor-column-gap-no\">\n\t\t\t\t\t<div class=\"elementor-column elementor-col-100 elementor-top-column elementor-element elementor-element-ef21612 elementor-invisible\" data-id=\"ef21612\" data-element_type=\"column\" data-settings=\"{&quot;animation&quot;:&quot;fadeInLeft&quot;}\">\n\t\t\t<div class=\"elementor-widget-wrap elementor-element-populated\">\n\t\t\t\t\t\t\t\t\t<\/div>\n\t\t<\/div>\n\t\t\t\t\t\t\t<\/div>\n\t\t<\/section>\n\t\t\t\t<section class=\"elementor-section elementor-top-section elementor-element elementor-element-a2732e0 elementor-section-boxed elementor-section-height-default elementor-section-height-default\" data-id=\"a2732e0\" data-element_type=\"section\">\n\t\t\t\t\t\t\t<div class=\"elementor-background-overlay\"><\/div>\n\t\t\t\t\t\t\t<div class=\"elementor-container elementor-column-gap-default\">\n\t\t\t\t\t<div class=\"elementor-column elementor-col-50 elementor-top-column elementor-element elementor-element-b27e866 elementor-invisible\" data-id=\"b27e866\" data-element_type=\"column\" data-settings=\"{&quot;animation&quot;:&quot;fadeInLeft&quot;}\">\n\t\t\t<div class=\"elementor-widget-wrap elementor-element-populated\">\n\t\t\t\t\t\t\t\t<div class=\"elementor-element elementor-element-0661282 elementor-widget elementor-widget-jkit_heading\" data-id=\"0661282\" data-element_type=\"widget\" data-widget_type=\"jkit_heading.default\">\n\t\t\t\t<div class=\"elementor-widget-container\">\n\t\t\t<div  class=\"jeg-elementor-kit jkit-heading  align-left align-tablet- align-mobile- jeg_module___69dff3cb42948\" ><h3 class=\"heading-section-subtitle  style-color\">Join Us<\/h3><div class=\"heading-section-title  display-inline-block\"><h2 class=\"heading-title\">Career<\/h2><\/div><div class=\"heading-section-description\"><\/div><\/div>\t\t<\/div>\n\t\t\t\t<\/div>\n\t\t\t\t<div class=\"elementor-element elementor-element-6bf349c elementor-widget elementor-widget-text-editor\" data-id=\"6bf349c\" data-element_type=\"widget\" data-widget_type=\"text-editor.default\">\n\t\t\t\t<div class=\"elementor-widget-container\">\n\t\t\t<style>\/*! elementor - v3.14.0 - 18-06-2023 *\/\n.elementor-widget-text-editor.elementor-drop-cap-view-stacked .elementor-drop-cap{background-color:#69727d;color:#fff}.elementor-widget-text-editor.elementor-drop-cap-view-framed .elementor-drop-cap{color:#69727d;border:3px solid;background-color:transparent}.elementor-widget-text-editor:not(.elementor-drop-cap-view-default) .elementor-drop-cap{margin-top:8px}.elementor-widget-text-editor:not(.elementor-drop-cap-view-default) .elementor-drop-cap-letter{width:1em;height:1em}.elementor-widget-text-editor .elementor-drop-cap{float:left;text-align:center;line-height:1;font-size:50px}.elementor-widget-text-editor .elementor-drop-cap-letter{display:inline-block}<\/style>\t\t\t\t<p>Welcome to our innovative investment bank, where we are always looking for talented individuals to join our team. We are excited to invite you to apply for a position with us and become part of a dynamic and entrepreneurial culture that is dedicated to helping clients achieve their financial goals.<\/p><p>At our bank, we pride ourselves on being a leader in the industry, with a team of experts who are passionate about what they do. We offer a wide range of services, including mergers and acquisitions, equity and debt financing, and strategic advisory services, and we work with clients in a variety of sectors, from technology and healthcare to energy and real estate.<\/p>\t\t\t\t\t\t<\/div>\n\t\t\t\t<\/div>\n\t\t\t\t\t<\/div>\n\t\t<\/div>\n\t\t\t\t<div class=\"elementor-column elementor-col-50 elementor-top-column elementor-element elementor-element-1ec8104\" data-id=\"1ec8104\" data-element_type=\"column\" data-settings=\"{&quot;background_background&quot;:&quot;classic&quot;}\">\n\t\t\t<div class=\"elementor-widget-wrap elementor-element-populated\">\n\t\t\t\t\t\t\t\t<div class=\"elementor-element elementor-element-78f17be elementor-widget elementor-widget-spacer\" data-id=\"78f17be\" data-element_type=\"widget\" data-widget_type=\"spacer.default\">\n\t\t\t\t<div class=\"elementor-widget-container\">\n\t\t\t<style>\/*! elementor - v3.14.0 - 18-06-2023 *\/\n.elementor-column .elementor-spacer-inner{height:var(--spacer-size)}.e-con{--container-widget-width:100%}.e-con-inner>.elementor-widget-spacer,.e-con>.elementor-widget-spacer{width:var(--container-widget-width,var(--spacer-size));--align-self:var(--container-widget-align-self,initial);--flex-shrink:0}.e-con-inner>.elementor-widget-spacer>.elementor-widget-container,.e-con-inner>.elementor-widget-spacer>.elementor-widget-container>.elementor-spacer,.e-con>.elementor-widget-spacer>.elementor-widget-container,.e-con>.elementor-widget-spacer>.elementor-widget-container>.elementor-spacer{height:100%}.e-con-inner>.elementor-widget-spacer>.elementor-widget-container>.elementor-spacer>.elementor-spacer-inner,.e-con>.elementor-widget-spacer>.elementor-widget-container>.elementor-spacer>.elementor-spacer-inner{height:var(--container-widget-height,var(--spacer-size))}<\/style>\t\t<div class=\"elementor-spacer\">\n\t\t\t<div class=\"elementor-spacer-inner\"><\/div>\n\t\t<\/div>\n\t\t\t\t<\/div>\n\t\t\t\t<\/div>\n\t\t\t\t\t<\/div>\n\t\t<\/div>\n\t\t\t\t\t\t\t<\/div>\n\t\t<\/section>\n\t\t\t\t<section class=\"elementor-section elementor-top-section elementor-element elementor-element-55cdc91 elementor-section-boxed elementor-section-height-default elementor-section-height-default\" data-id=\"55cdc91\" data-element_type=\"section\" data-settings=\"{&quot;background_background&quot;:&quot;classic&quot;}\">\n\t\t\t\t\t\t<div class=\"elementor-container elementor-column-gap-default\">\n\t\t\t\t\t<div class=\"elementor-column elementor-col-100 elementor-top-column elementor-element elementor-element-e340c0d\" data-id=\"e340c0d\" data-element_type=\"column\">\n\t\t\t<div class=\"elementor-widget-wrap elementor-element-populated\">\n\t\t\t\t\t\t\t\t<div class=\"elementor-element elementor-element-c868d01 elementor-widget elementor-widget-text-editor\" data-id=\"c868d01\" data-element_type=\"widget\" data-widget_type=\"text-editor.default\">\n\t\t\t\t<div class=\"elementor-widget-container\">\n\t\t\t\t\t\t\t<p>We believe that our success is due in large part to our commitment to innovation and staying ahead of the curve. We are constantly exploring new ideas and technologies to help our clients achieve their goals, and we are always looking for creative solutions to complex problems.<\/p><p>If you are looking for a challenging and rewarding career in the world of finance, we encourage you to consider joining our team. We offer competitive compensation packages and a culture that values collaboration, creativity, and a commitment to excellence. Whether you are an experienced professional or just starting out, we believe that we have something to offer you.<\/p><p>Thank you for your interest in our bank, and we look forward to hearing from you soon.<\/p>\t\t\t\t\t\t<\/div>\n\t\t\t\t<\/div>\n\t\t\t\t\t<\/div>\n\t\t<\/div>\n\t\t\t\t\t\t\t<\/div>\n\t\t<\/section>\n\t\t\t\t<section class=\"elementor-section elementor-top-section elementor-element elementor-element-31e1e23 offersec elementor-section-boxed elementor-section-height-default elementor-section-height-default\" data-id=\"31e1e23\" data-element_type=\"section\" data-settings=\"{&quot;background_background&quot;:&quot;classic&quot;}\">\n\t\t\t\t\t\t<div class=\"elementor-container elementor-column-gap-no\">\n\t\t\t\t\t<div class=\"elementor-column elementor-col-100 elementor-top-column elementor-element elementor-element-040cbce\" data-id=\"040cbce\" data-element_type=\"column\">\n\t\t\t<div class=\"elementor-widget-wrap elementor-element-populated\">\n\t\t\t\t\t\t\t\t<div class=\"elementor-element elementor-element-2eab588 elementor-widget elementor-widget-jkit_heading\" data-id=\"2eab588\" data-element_type=\"widget\" data-widget_type=\"jkit_heading.default\">\n\t\t\t\t<div class=\"elementor-widget-container\">\n\t\t\t<div  class=\"jeg-elementor-kit jkit-heading  align-center align-tablet- align-mobile- jeg_module__1_69dff3cb464a2\" ><h3 class=\"heading-section-subtitle  style-color\">What We Offer<\/h3><div class=\"heading-section-title  display-inline-block\"><h2 class=\"heading-title\">Our Offers<\/h2><\/div><\/div>\t\t<\/div>\n\t\t\t\t<\/div>\n\t\t\t\t<section class=\"elementor-section elementor-inner-section elementor-element elementor-element-018a541 elementor-section-boxed elementor-section-height-default elementor-section-height-default\" data-id=\"018a541\" data-element_type=\"section\">\n\t\t\t\t\t\t<div class=\"elementor-container elementor-column-gap-default\">\n\t\t\t\t\t<div class=\"elementor-column elementor-col-100 elementor-inner-column elementor-element elementor-element-11913a6\" data-id=\"11913a6\" data-element_type=\"column\" data-settings=\"{&quot;background_background&quot;:&quot;classic&quot;}\">\n\t\t\t<div class=\"elementor-widget-wrap elementor-element-populated\">\n\t\t\t\t\t\t\t\t<div class=\"elementor-element elementor-element-fc093b7 jkit-equal-height-disable elementor-widget elementor-widget-jkit_icon_box\" data-id=\"fc093b7\" data-element_type=\"widget\" data-widget_type=\"jkit_icon_box.default\">\n\t\t\t\t<div class=\"elementor-widget-container\">\n\t\t\t<div  class=\"jeg-elementor-kit jkit-icon-box icon-position-left elementor-animation- jeg_module__2_69dff3cb49565\" ><a href=\"#\"  class=\"icon-box-link\"  ><div class=\"jkit-icon-box-wrapper hover-from-left\"><div class=\"icon-box icon-box-header elementor-animation-\"><div class=\"icon style-color\"><img decoding=\"async\" src=\"http:\/\/evercorporatefinance.com\/wp-content\/uploads\/2023\/02\/analytics.png\"  alt=\"Analyst Offer\"><\/div><\/div><div class=\"icon-box icon-box-body\">\n                <h3 class=\"title\">Analyst Offer<\/h3><p class=\"icon-box-description\"><b>Job offer: Financial Analyst at an Investment Bank<\/b><br \/>\n<br \/>\nWe are looking for a dynamic and talented financial analyst to join our investment bank team. As an analyst, you will be responsible for financial modeling, sector research, presentation preparation, and project management for our clients. The ideal candidate will have a solid experience in corporate finance, a deep understanding of financial modeling, and a strong ability to work in a team. If you are passionate about the world of finance and have the required skills to succeed in this position, we encourage you to apply.<\/p>\n            <\/div>\n            \n            <\/div><\/a><\/div>\t\t<\/div>\n\t\t\t\t<\/div>\n\t\t\t\t\t<\/div>\n\t\t<\/div>\n\t\t\t\t\t\t\t<\/div>\n\t\t<\/section>\n\t\t\t\t<section class=\"elementor-section elementor-inner-section elementor-element elementor-element-e2b7aa0 elementor-section-boxed elementor-section-height-default elementor-section-height-default\" data-id=\"e2b7aa0\" data-element_type=\"section\">\n\t\t\t\t\t\t<div class=\"elementor-container elementor-column-gap-default\">\n\t\t\t\t\t<div class=\"elementor-column elementor-col-100 elementor-inner-column elementor-element elementor-element-79428ad\" data-id=\"79428ad\" data-element_type=\"column\" data-settings=\"{&quot;background_background&quot;:&quot;classic&quot;}\">\n\t\t\t<div class=\"elementor-widget-wrap elementor-element-populated\">\n\t\t\t\t\t\t\t\t<div class=\"elementor-element elementor-element-2bcc593 jkit-equal-height-disable elementor-widget elementor-widget-jkit_icon_box\" data-id=\"2bcc593\" data-element_type=\"widget\" data-widget_type=\"jkit_icon_box.default\">\n\t\t\t\t<div class=\"elementor-widget-container\">\n\t\t\t<div  class=\"jeg-elementor-kit jkit-icon-box icon-position-left elementor-animation- jeg_module__3_69dff3cb4b8c5\" ><a href=\"#\"  class=\"icon-box-link\"  ><div class=\"jkit-icon-box-wrapper hover-from-left\"><div class=\"icon-box icon-box-header elementor-animation-\"><div class=\"icon style-color\"><img decoding=\"async\" src=\"http:\/\/evercorporatefinance.com\/wp-content\/uploads\/2023\/02\/freelance.png\"  alt=\"Intern Offers\"><\/div><\/div><div class=\"icon-box icon-box-body\">\n                <h3 class=\"title\">Intern Offers<\/h3><p class=\"icon-box-description\"><b>Job offer: Investment Banking Intern<\/b><br \/>\n<br \/>\nWe are looking for an investment banking intern to join our team. As an intern, you will work closely with our team of experienced professionals to support our clients in their mergers and acquisitions, fundraising, investment, and strategic advisory operations. The ideal candidate must be able to work independently and effectively in a challenging and demanding environment. If you are passionate about finance and have a good understanding of financial modeling, accounting, and data analysis, we encourage you to apply.<br \/>\n<\/p>\n            <\/div>\n            \n            <\/div><\/a><\/div>\t\t<\/div>\n\t\t\t\t<\/div>\n\t\t\t\t\t<\/div>\n\t\t<\/div>\n\t\t\t\t\t\t\t<\/div>\n\t\t<\/section>\n\t\t\t\t\t<\/div>\n\t\t<\/div>\n\t\t\t\t\t\t\t<\/div>\n\t\t<\/section>\n\t\t\t\t<section class=\"elementor-section elementor-top-section elementor-element elementor-element-8ee8ca8 elementor-hidden-desktop elementor-hidden-tablet elementor-hidden-mobile elementor-section-boxed elementor-section-height-default elementor-section-height-default\" data-id=\"8ee8ca8\" data-element_type=\"section\">\n\t\t\t\t\t\t<div class=\"elementor-container elementor-column-gap-default\">\n\t\t\t\t\t<div class=\"elementor-column elementor-col-100 elementor-top-column elementor-element elementor-element-1c34e1f\" data-id=\"1c34e1f\" data-element_type=\"column\">\n\t\t\t<div class=\"elementor-widget-wrap elementor-element-populated\">\n\t\t\t\t\t\t\t\t<div class=\"elementor-element elementor-element-41b918f elementor-widget elementor-widget-jkit_heading\" data-id=\"41b918f\" data-element_type=\"widget\" data-widget_type=\"jkit_heading.default\">\n\t\t\t\t<div class=\"elementor-widget-container\">\n\t\t\t<div  class=\"jeg-elementor-kit jkit-heading  align-center align-tablet- align-mobile- jeg_module__4_69dff3cb4d7d1\" ><h3 class=\"heading-section-subtitle  style-color\">Testimonial<\/h3><div class=\"heading-section-title  display-inline-block\"><h2 class=\"heading-title\">What our client Say&#039;s<\/h2><\/div><\/div>\t\t<\/div>\n\t\t\t\t<\/div>\n\t\t\t\t<div class=\"elementor-element elementor-element-2379646 testimonial elementor-widget elementor-widget-elementskit-testimonial\" data-id=\"2379646\" data-element_type=\"widget\" data-widget_type=\"elementskit-testimonial.default\">\n\t\t\t\t<div class=\"elementor-widget-container\">\n\t\t\t<div class=\"ekit-wid-con\" ><div class=\"elementskit-testimonial-slider ekit_testimonial_style_5 slick-slider arrow_inside \" data-config=\"{&quot;rtl&quot;:false,&quot;arrows&quot;:false,&quot;dots&quot;:false,&quot;pauseOnHover&quot;:true,&quot;autoplay&quot;:true,&quot;speed&quot;:1000,&quot;slidesPerGroup&quot;:1,&quot;slidesPerView&quot;:3,&quot;loop&quot;:false,&quot;breakpoints&quot;:{&quot;320&quot;:{&quot;slidesPerView&quot;:1,&quot;slidesPerGroup&quot;:1},&quot;768&quot;:{&quot;slidesPerView&quot;:2,&quot;slidesPerGroup&quot;:1},&quot;1024&quot;:{&quot;slidesPerView&quot;:3,&quot;slidesPerGroup&quot;:1}}}\">\n\t<div class=\"swiper-container\">\n        <div class=\"slick-list swiper-wrapper\">\n\t\t\t\t\t\t\t<div class=\"swiper-slide\">\n\t\t\t\t\t<div class=\"slick-slide\">\n\t\t\t\t\t\t<div class=\"elementskit-single-testimonial-slider elementskit-testimonial-slider-block-style elementskit-testimonial-slider-block-style-two   elementor-repeater-item-4fd5aae\" >\n\t\t\t\t\t\t\t<div class=\"elementskit-commentor-header\">\n\t\t\t\t\t\t\t\t\n\t\t\t\t\t\t\t\t\t\t\t\t\t\t\t<\/div>\n\t\t\t\t\t\t\t\n\t\t\t\t\t\t\t\t\t\t\t\t\t\t\t<div class=\"elementskit-commentor-content\"><p>Ran Hamou m\u2019a accompagn\u00e9 pendant plusieurs ann\u00e9es dans le cadre d\u2019op\u00e9rations de haut de bilan et j\u2019ai pu \u00e0 cette occasion appr\u00e9cier son audace et son inventivit\u00e9 pour d\u00e9fendre nos int\u00e9r\u00eats et rapprocher les parties pour parvenir \u00e0 un deal \u00e9q.<\/p><\/div>\n\t\t\t\t\t\t\t\n\t\t\t\t\t\t\t<div class=\"elementskit-commentor-bio\">\n\t\t\t\t\t\t\t\t<div class=\"elementkit-commentor-details \">\n\t\t\t\t\t\t\t\t\t\t\t\t\t\t\t\t\t\t\t<div class=\"elementskit-commentor-image ekit-testimonial--avatar\">\n\t\t\t\t\t\t\t\t\t\t\t<img loading=\"lazy\" decoding=\"async\" width=\"70\" height=\"70\" src=\"http:\/\/evercorporatefinance.com\/wp-content\/uploads\/2023\/02\/T3-thegem-person-160.jpg\" class=\"attachment-full size-full\" alt=\"\" srcset=\"http:\/\/evercorporatefinance.com\/wp-content\/uploads\/2023\/02\/T3-thegem-person-160.jpg 160w, http:\/\/evercorporatefinance.com\/wp-content\/uploads\/2023\/02\/T3-thegem-person-160-150x150.jpg 150w\" sizes=\"auto, (max-width: 160px) 100vw, 160px\" \/>\t\t\t\t\t\t\t\t\t\t<\/div>\n\t\t\t\t\t\t\t\t\t\t\t\t\t\t\t\t\t\t<div class=\"elementskit-profile-info\">\n\t\t\t\t\t\t\t\t\t\t<strong class=\"elementskit-author-name\">Meyer Azogui<\/strong>\n\t\t\t\t\t\t\t\t\t\t<span class=\"elementskit-author-des\">pr\u00e9sident Cyrus Conseil <\/span>\n\t\t\t\t\t\t\t\t\t<\/div>\n\t\t\t\t\t\t\t\t<\/div>\n\t\t\t\t\t\t\t\t\t\t\t\t\t\t\t\t<div class=\"elementskit-icon-content elementskit-watermark-icon \">\n\t\t\t\t\t\t\t\t\t<i aria-hidden=\"true\" class=\"icon icon-quote\"><\/i>\t\t\t\t\t\t\t\t<\/div>\n\t\t\t\t\t\t\t\t\t\t\t\t\t\t\t<\/div>\n\t\t\t\t\t\t<\/div>\n\t\t\t\t\t<\/div>\n\t\t\t\t<\/div>\n\t\t\t\t\t\t\t<div class=\"swiper-slide\">\n\t\t\t\t\t<div class=\"slick-slide\">\n\t\t\t\t\t\t<div class=\"elementskit-single-testimonial-slider elementskit-testimonial-slider-block-style elementskit-testimonial-slider-block-style-two   elementor-repeater-item-4f99ca5\" >\n\t\t\t\t\t\t\t<div class=\"elementskit-commentor-header\">\n\t\t\t\t\t\t\t\t\n\t\t\t\t\t\t\t\t\t\t\t\t\t\t\t<\/div>\n\t\t\t\t\t\t\t\n\t\t\t\t\t\t\t\t\t\t\t\t\t\t\t<div class=\"elementskit-commentor-content\"><p>A ma premi\u00e8re r\u00e9union chez Ever Corporate Finance, j'ai su imm\u00e9diatement que nous allions faire un bout de chemin ensemble. Des ann\u00e9es plus tard, notre histoire continue encore de s'\u00e9crire. Merci \u00e0 vous pour vos conseils, votre accompagnement, votre engagement et votre d\u00e9vouement sans faille. En esp\u00e9rant avoir encore de nombreux deals \u00e0 faire avec vous. <\/p><\/div>\n\t\t\t\t\t\t\t\n\t\t\t\t\t\t\t<div class=\"elementskit-commentor-bio\">\n\t\t\t\t\t\t\t\t<div class=\"elementkit-commentor-details \">\n\t\t\t\t\t\t\t\t\t\t\t\t\t\t\t\t\t\t\t<div class=\"elementskit-commentor-image ekit-testimonial--avatar\">\n\t\t\t\t\t\t\t\t\t\t\t<img loading=\"lazy\" decoding=\"async\" width=\"70\" height=\"70\" src=\"http:\/\/evercorporatefinance.com\/wp-content\/uploads\/2023\/02\/T2-thegem-person-160.jpg\" class=\"attachment-full size-full\" alt=\"\" srcset=\"http:\/\/evercorporatefinance.com\/wp-content\/uploads\/2023\/02\/T2-thegem-person-160.jpg 160w, http:\/\/evercorporatefinance.com\/wp-content\/uploads\/2023\/02\/T2-thegem-person-160-150x150.jpg 150w\" sizes=\"auto, (max-width: 160px) 100vw, 160px\" \/>\t\t\t\t\t\t\t\t\t\t<\/div>\n\t\t\t\t\t\t\t\t\t\t\t\t\t\t\t\t\t\t<div class=\"elementskit-profile-info\">\n\t\t\t\t\t\t\t\t\t\t<strong class=\"elementskit-author-name\">Eliran Taieb<\/strong>\n\t\t\t\t\t\t\t\t\t\t<span class=\"elementskit-author-des\">Directeur G\u00e9n\u00e9ral, Les Bons Artisans<\/span>\n\t\t\t\t\t\t\t\t\t<\/div>\n\t\t\t\t\t\t\t\t<\/div>\n\t\t\t\t\t\t\t\t\t\t\t\t\t\t\t\t<div class=\"elementskit-icon-content elementskit-watermark-icon \">\n\t\t\t\t\t\t\t\t\t<i aria-hidden=\"true\" class=\"icon icon-quote\"><\/i>\t\t\t\t\t\t\t\t<\/div>\n\t\t\t\t\t\t\t\t\t\t\t\t\t\t\t<\/div>\n\t\t\t\t\t\t<\/div>\n\t\t\t\t\t<\/div>\n\t\t\t\t<\/div>\n\t\t\t\t\t\t\t<div class=\"swiper-slide\">\n\t\t\t\t\t<div class=\"slick-slide\">\n\t\t\t\t\t\t<div class=\"elementskit-single-testimonial-slider elementskit-testimonial-slider-block-style elementskit-testimonial-slider-block-style-two   elementor-repeater-item-dcfdebb\" >\n\t\t\t\t\t\t\t<div class=\"elementskit-commentor-header\">\n\t\t\t\t\t\t\t\t\n\t\t\t\t\t\t\t\t\t\t\t\t\t\t\t<\/div>\n\t\t\t\t\t\t\t\n\t\t\t\t\t\t\t\t\t\t\t\t\t\t\t<div class=\"elementskit-commentor-content\"><p>Une \u00e9quipe professionnelle, efficace et innovante au service de l\u2019entreprise. Ils ont su cr\u00e9er de la valeur pour les dirigeants de notre entreprise et ses actionnaires. <\/p><\/div>\n\t\t\t\t\t\t\t\n\t\t\t\t\t\t\t<div class=\"elementskit-commentor-bio\">\n\t\t\t\t\t\t\t\t<div class=\"elementkit-commentor-details \">\n\t\t\t\t\t\t\t\t\t\t\t\t\t\t\t\t\t\t\t<div class=\"elementskit-commentor-image ekit-testimonial--avatar\">\n\t\t\t\t\t\t\t\t\t\t\t<img loading=\"lazy\" decoding=\"async\" width=\"70\" height=\"70\" src=\"http:\/\/evercorporatefinance.com\/wp-content\/uploads\/2023\/02\/T1-thegem-person-160.jpg\" class=\"attachment-full size-full\" alt=\"\" srcset=\"http:\/\/evercorporatefinance.com\/wp-content\/uploads\/2023\/02\/T1-thegem-person-160.jpg 160w, http:\/\/evercorporatefinance.com\/wp-content\/uploads\/2023\/02\/T1-thegem-person-160-150x150.jpg 150w\" sizes=\"auto, (max-width: 160px) 100vw, 160px\" \/>\t\t\t\t\t\t\t\t\t\t<\/div>\n\t\t\t\t\t\t\t\t\t\t\t\t\t\t\t\t\t\t<div class=\"elementskit-profile-info\">\n\t\t\t\t\t\t\t\t\t\t<strong class=\"elementskit-author-name\">Eric Alimi<\/strong>\n\t\t\t\t\t\t\t\t\t\t<span class=\"elementskit-author-des\">Pr\u00e9sident, Komposite<\/span>\n\t\t\t\t\t\t\t\t\t<\/div>\n\t\t\t\t\t\t\t\t<\/div>\n\t\t\t\t\t\t\t\t\t\t\t\t\t\t\t\t<div class=\"elementskit-icon-content elementskit-watermark-icon \">\n\t\t\t\t\t\t\t\t\t<i aria-hidden=\"true\" class=\"icon icon-quote\"><\/i>\t\t\t\t\t\t\t\t<\/div>\n\t\t\t\t\t\t\t\t\t\t\t\t\t\t\t<\/div>\n\t\t\t\t\t\t<\/div>\n\t\t\t\t\t<\/div>\n\t\t\t\t<\/div>\n\t\t\t\t\t\t\t<div class=\"swiper-slide\">\n\t\t\t\t\t<div class=\"slick-slide\">\n\t\t\t\t\t\t<div class=\"elementskit-single-testimonial-slider elementskit-testimonial-slider-block-style elementskit-testimonial-slider-block-style-two   elementor-repeater-item-4a97776\" >\n\t\t\t\t\t\t\t<div class=\"elementskit-commentor-header\">\n\t\t\t\t\t\t\t\t\n\t\t\t\t\t\t\t\t\t\t\t\t\t\t\t<\/div>\n\t\t\t\t\t\t\t\n\t\t\t\t\t\t\t\t\t\t\t\t\t\t\t<div class=\"elementskit-commentor-content\"><p>Nous travaillons depuis plusieurs ann\u00e9es avec Benjamin Cohen et Ran Hamou qui nous ont conseill\u00e9s sur plusieurs op\u00e9rations. Cette coop\u00e9ration, d\u00e9j\u00e0 traduite par des concr\u00e9tisations, a toujours \u00e9t\u00e9 tr\u00e8s fructueuse gr\u00e2ce \u00e0 leur professionnalisme, leur agilit\u00e9 et leur intelligence des situations. <\/p><\/div>\n\t\t\t\t\t\t\t\n\t\t\t\t\t\t\t<div class=\"elementskit-commentor-bio\">\n\t\t\t\t\t\t\t\t<div class=\"elementkit-commentor-details \">\n\t\t\t\t\t\t\t\t\t\t\t\t\t\t\t\t\t\t\t<div class=\"elementskit-commentor-image ekit-testimonial--avatar\">\n\t\t\t\t\t\t\t\t\t\t\t<img loading=\"lazy\" decoding=\"async\" width=\"70\" height=\"70\" src=\"http:\/\/evercorporatefinance.com\/wp-content\/uploads\/2023\/02\/T1-thegem-person-160.jpg\" class=\"attachment-full size-full\" alt=\"\" srcset=\"http:\/\/evercorporatefinance.com\/wp-content\/uploads\/2023\/02\/T1-thegem-person-160.jpg 160w, http:\/\/evercorporatefinance.com\/wp-content\/uploads\/2023\/02\/T1-thegem-person-160-150x150.jpg 150w\" sizes=\"auto, (max-width: 160px) 100vw, 160px\" \/>\t\t\t\t\t\t\t\t\t\t<\/div>\n\t\t\t\t\t\t\t\t\t\t\t\t\t\t\t\t\t\t<div class=\"elementskit-profile-info\">\n\t\t\t\t\t\t\t\t\t\t<strong class=\"elementskit-author-name\">Eric Dejoie<\/strong>\n\t\t\t\t\t\t\t\t\t\t<span class=\"elementskit-author-des\">CEO MBO &amp; Co<\/span>\n\t\t\t\t\t\t\t\t\t<\/div>\n\t\t\t\t\t\t\t\t<\/div>\n\t\t\t\t\t\t\t\t\t\t\t\t\t\t\t\t<div class=\"elementskit-icon-content elementskit-watermark-icon \">\n\t\t\t\t\t\t\t\t\t<i aria-hidden=\"true\" class=\"icon icon-quote\"><\/i>\t\t\t\t\t\t\t\t<\/div>\n\t\t\t\t\t\t\t\t\t\t\t\t\t\t\t<\/div>\n\t\t\t\t\t\t<\/div>\n\t\t\t\t\t<\/div>\n\t\t\t\t<\/div>\n\t\t\t\t\t<\/div>\n\t<\/div>\n\t<ul aria-describedby=\"paginations\" class=\"slick-dots swiper-pagination swiper-pagination-clickable swiper-pagination-bullets\"><\/ul>\n\t<\/div><\/div>\t\t<\/div>\n\t\t\t\t<\/div>\n\t\t\t\t\t<\/div>\n\t\t<\/div>\n\t\t\t\t\t\t\t<\/div>\n\t\t<\/section>\n\t\t\t\t\t\t\t<\/div>\n\t\t","protected":false},"excerpt":{"rendered":"<p>Join Us Career Welcome to our innovative investment bank, where we are always looking for talented individuals to join our team. We are excited to invite you to apply for a position with us and become part of a dynamic and entrepreneurial culture that is dedicated to helping clients achieve their financial goals. At our &hellip;<\/p>\n<p class=\"read-more\"> <a class=\"\" href=\"http:\/\/evercorporatefinance.com\/en\/career\/\"> <span class=\"screen-reader-text\">Career<\/span> Read More &raquo;<\/a><\/p>\n","protected":false},"author":1,"featured_media":0,"parent":0,"menu_order":0,"comment_status":"closed","ping_status":"closed","template":"elementor_header_footer","meta":{"site-sidebar-layout":"no-sidebar","site-content-layout":"page-builder","ast-global-header-display":"","ast-main-header-display":"","ast-hfb-above-header-display":"","ast-hfb-below-header-display":"","ast-hfb-mobile-header-display":"","site-post-title":"disabled","ast-breadcrumbs-content":"","ast-featured-img":"disabled","footer-sml-layout":"","theme-transparent-header-meta":"default","adv-header-id-meta":"","stick-header-meta":"","header-above-stick-meta":"","header-main-stick-meta":"","header-below-stick-meta":"","footnotes":""},"class_list":["post-1746","page","type-page","status-publish","hentry"],"acf":[],"_links":{"self":[{"href":"http:\/\/evercorporatefinance.com\/en\/wp-json\/wp\/v2\/pages\/1746","targetHints":{"allow":["GET"]}}],"collection":[{"href":"http:\/\/evercorporatefinance.com\/en\/wp-json\/wp\/v2\/pages"}],"about":[{"href":"http:\/\/evercorporatefinance.com\/en\/wp-json\/wp\/v2\/types\/page"}],"author":[{"embeddable":true,"href":"http:\/\/evercorporatefinance.com\/en\/wp-json\/wp\/v2\/users\/1"}],"replies":[{"embeddable":true,"href":"http:\/\/evercorporatefinance.com\/en\/wp-json\/wp\/v2\/comments?post=1746"}],"version-history":[{"count":2,"href":"http:\/\/evercorporatefinance.com\/en\/wp-json\/wp\/v2\/pages\/1746\/revisions"}],"predecessor-version":[{"id":1768,"href":"http:\/\/evercorporatefinance.com\/en\/wp-json\/wp\/v2\/pages\/1746\/revisions\/1768"}],"wp:attachment":[{"href":"http:\/\/evercorporatefinance.com\/en\/wp-json\/wp\/v2\/media?parent=1746"}],"curies":[{"name":"wp","href":"https:\/\/api.w.org\/{rel}","templated":true}]}}